{"id":120,"date":"2022-04-29T21:31:52","date_gmt":"2022-04-29T19:31:52","guid":{"rendered":"http:\/\/caponata-shop.de\/woocommerce\/?page_id=120"},"modified":"2022-05-22T00:44:37","modified_gmt":"2022-05-21T22:44:37","slug":"versand-shipping","status":"publish","type":"page","link":"https:\/\/caponata-shop.de\/woocommerce\/versand-shipping\/","title":{"rendered":"Versand \/ Shipping"},"content":{"rendered":"\n<p class=\"has-small-font-size\"><strong><span class=\"has-inline-color\" style=\"color:#630166\">Versand<\/span><\/strong>:  F\u00fcr den Versand fallen, je nach Produkt und Lieferort, unterschiedliche Kosten an. Je nach Produkt wird die Ware als Paket, Brief, per Rollenversand etc. verschickt.  Bei der Bestellung von unterschiedlichen Produkten k\u00f6nnen notwendige, unterschiedlichen Versandarten und Kosten enstehen. F\u00fcr spezielle Kunstprodukte z.B. fallen durchschnittlich h\u00f6here Kosten an. Produkte dieser Art ben\u00f6tigen in der Regel eine besondere Verpackung und k\u00f6nnen nicht immer mit anderen Produkten zusammen verschickt werden. Die jeweilige Versandart wird in der Produktbeschreibung angegeben.  Der Kostenmix aus Bearbeitung, Verpackung und Porto ist so schmal wie m\u00f6glich berechnet. Diese, zus\u00e4tzlich zu den einzelnen Produktkosten f\u00e4lligen Kosten werden im Warenkorb angezeigt. In der Regel erfolgt ein versicherter Versand, inkl. Sendungsverfolgung. Wenn nicht wird dies in der Produktbeschreibung erw\u00e4hnt. <br><br><strong> Wird f\u00fcr den ben\u00f6tigten Lieferort im Bestellvorgang keine entsprechende Option angeboten, sende bitte ein Mail an shop@caponata-limited.de <\/strong><\/p>\n\n\n\n<p class=\"has-small-font-size\"><strong><span class=\"has-inline-color\" style=\"color:#630166\">International Shipping<\/span><\/strong>: Shipping costs vary, depending on the product and the place of delivery. Depending on the product, the goods are sent as a package, letter, by roll, etc. When ordering different products different shipping methods and costs may arise. For special art products, for example, the costs are higher on average. Products of this type usually require special packaging and cannot always be sent together with other products.. Products of this type usually require special packaging. The mix of processing, packaging and postage is calculated as low as possible. These costs, which are due in addition to the individual product costs, are displayed in the shopping cart. Usually there is an insured shipping, including shipment tracking. If not, this will be mentioned in the product info.<br><strong><br> If no option is offered for the required delivery location in the ordering process, please send an email to shop@caponata-limited.de <\/strong><br><br> Due to the current situation international shipping maybe take longer than usual.  <\/p>\n","protected":false},"excerpt":{"rendered":"<p>Versand: F\u00fcr den Versand fallen, je nach Produkt und Lieferort, unterschiedliche Kosten an. Je nach Produkt wird die Ware als Paket, Brief, per Rollenversand etc. verschickt. Bei der Bestellung von unterschiedlichen Produkten k\u00f6nnen notwendige, unterschiedlichen Versandarten und Kosten enstehen. F\u00fcr spezielle Kunstprodukte z.B. fallen durchschnittlich h\u00f6here Kosten an. Produkte dieser Art ben\u00f6tigen in der Regel &#8230; <a title=\"Versand \/ Shipping\" class=\"read-more\" href=\"https:\/\/caponata-shop.de\/woocommerce\/versand-shipping\/\" aria-label=\"Mehr dazu unter Versand \/ Shipping\">Weiterlesen<\/a><\/p>\n","protected":false},"author":1,"featured_media":0,"parent":0,"menu_order":0,"comment_status":"closed","ping_status":"closed","template":"","meta":[],"_links":{"self":[{"href":"https:\/\/caponata-shop.de\/woocommerce\/wp-json\/wp\/v2\/pages\/120"}],"collection":[{"href":"https:\/\/caponata-shop.de\/woocommerce\/wp-json\/wp\/v2\/pages"}],"about":[{"href":"https:\/\/caponata-shop.de\/woocommerce\/wp-json\/wp\/v2\/types\/page"}],"author":[{"embeddable":true,"href":"https:\/\/caponata-shop.de\/woocommerce\/wp-json\/wp\/v2\/users\/1"}],"replies":[{"embeddable":true,"href":"https:\/\/caponata-shop.de\/woocommerce\/wp-json\/wp\/v2\/comments?post=120"}],"version-history":[{"count":5,"href":"https:\/\/caponata-shop.de\/woocommerce\/wp-json\/wp\/v2\/pages\/120\/revisions"}],"predecessor-version":[{"id":156,"href":"https:\/\/caponata-shop.de\/woocommerce\/wp-json\/wp\/v2\/pages\/120\/revisions\/156"}],"wp:attachment":[{"href":"https:\/\/caponata-shop.de\/woocommerce\/wp-json\/wp\/v2\/media?parent=120"}],"curies":[{"name":"wp","href":"https:\/\/api.w.org\/{rel}","templated":true}]}}