{"id":325,"date":"2022-11-11T23:44:53","date_gmt":"2022-11-11T22:44:53","guid":{"rendered":"https:\/\/caponata-shop.de\/woocommerce\/?page_id=325"},"modified":"2024-01-12T20:41:20","modified_gmt":"2024-01-12T19:41:20","slug":"frankie-stubbs","status":"publish","type":"page","link":"https:\/\/caponata-shop.de\/woocommerce\/frankie-stubbs\/","title":{"rendered":"Frankie Stubbs"},"content":{"rendered":"\n<p class=\"has-text-align-center has-large-font-size\"><strong>FRANKIE STUBBS<\/strong><\/p>\n\n\n\n<p class=\"has-text-align-center has-medium-font-size\"><strong><a href=\"https:\/\/caponata-shop.de\/woocommerce\/frankie-stubbs-live\/\" target=\"_blank\" rel=\"noreferrer noopener\">LIVE-DATES<\/a><\/strong><\/p>\n\n\n<div class=\"wp-block-image\">\n<figure class=\"alignleft size-large is-resized\"><img loading=\"lazy\" src=\"http:\/\/caponata-shop.de\/woocommerce\/wp-content\/uploads\/2022\/12\/FrankieStubbs_Hp-1024x693.jpg\" alt=\"\" class=\"wp-image-402\" width=\"425\" height=\"287\" srcset=\"https:\/\/caponata-shop.de\/woocommerce\/wp-content\/uploads\/2022\/12\/FrankieStubbs_Hp-1024x693.jpg 1024w, https:\/\/caponata-shop.de\/woocommerce\/wp-content\/uploads\/2022\/12\/FrankieStubbs_Hp-768x520.jpg 768w, https:\/\/caponata-shop.de\/woocommerce\/wp-content\/uploads\/2022\/12\/FrankieStubbs_Hp-300x203.jpg 300w, https:\/\/caponata-shop.de\/woocommerce\/wp-content\/uploads\/2022\/12\/FrankieStubbs_Hp-89x60.jpg 89w, https:\/\/caponata-shop.de\/woocommerce\/wp-content\/uploads\/2022\/12\/FrankieStubbs_Hp-133x90.jpg 133w, https:\/\/caponata-shop.de\/woocommerce\/wp-content\/uploads\/2022\/12\/FrankieStubbs_Hp.jpg 1417w\" sizes=\"(max-width: 425px) 100vw, 425px\" \/><\/figure><\/div>\n\n\n<p class=\"has-text-align-left\">Frankie Stubbs war Frontmann, Singer-Songwriter und Gitarrist der legend\u00e4ren Sunderland-Band LEATHERFACE. LEATHERFACE gilt uneingeschr\u00e4nkt als eine der einflussreichsten Punkrock-Bands weltweit und als ma\u00dfgeblicher Einfluss von Bands wie HOT WATER MUSIC. Mit Stubbs\u2019 unverwechselbarer, rauer und melodischer Stimme wurden sie vom Guardian als \u201edie gr\u00f6\u00dfte britische Punkband der Neuzeit\u201c beschrieben und nicht zu Unrecht wird ihr 1991 erschienenes Album \u201eMush\u201c allgemein als eines der Besten Punk-Alben \u00fcberhaupt bezeichnet. Bekannt als einer der letzten Dichter des Punkrocks hat er schon lange vor der \u201eSinger-Songwriter-Welle\u201c Akustik-Solo-Platten ver\u00f6ffentlicht und an zig Produktionen mitgewirkt. Seit einigen Jahren tritt Frankie Stubbs in intensiven und intimen akustischen Rahmen auch solo auf und spielt sich durch seinen fast 40j\u00e4hrigen musikalischen Backkatalog. Neben den Songs seiner Soloalben, gibt er dabei nat\u00fcrlich auch die gro\u00dfartigen Songs von LEATHERFACE, sowie den ein oder anderen Coversong zum Besten. Sunderlands finest!<\/p>\n\n\n\n<p>Kontakt: booking@caponata-limited.de<\/p>\n\n\n\n<figure class=\"wp-block-embed is-type-video is-provider-youtube wp-block-embed-youtube wp-embed-aspect-16-9 wp-has-aspect-ratio\"><div class=\"wp-block-embed__wrapper\">\n<iframe loading=\"lazy\" title=\"Frankie Stubbs (Leatherface) -  Dead Industrial Atmosphere - Live at Pallion Shipyard, Sunderland\" width=\"1200\" height=\"675\" src=\"https:\/\/www.youtube.com\/embed\/eiOeBTAI-3E?feature=oembed\" frameborder=\"0\" allow=\"accelerometer; autoplay; clipboard-write; encrypted-media; gyroscope; picture-in-picture; web-share\" allowfullscreen><\/iframe>\n<\/div><\/figure>\n","protected":false},"excerpt":{"rendered":"<p>FRANKIE STUBBS LIVE-DATES Frankie Stubbs war Frontmann, Singer-Songwriter und Gitarrist der legend\u00e4ren Sunderland-Band LEATHERFACE. LEATHERFACE gilt uneingeschr\u00e4nkt als eine der einflussreichsten Punkrock-Bands weltweit und als ma\u00dfgeblicher Einfluss von Bands wie HOT WATER MUSIC. Mit Stubbs\u2019 unverwechselbarer, rauer und melodischer Stimme wurden sie vom Guardian als \u201edie gr\u00f6\u00dfte britische Punkband der Neuzeit\u201c beschrieben und nicht zu &#8230; <a title=\"Frankie Stubbs\" class=\"read-more\" href=\"https:\/\/caponata-shop.de\/woocommerce\/frankie-stubbs\/\" aria-label=\"Mehr dazu unter Frankie Stubbs\">Weiterlesen<\/a><\/p>\n","protected":false},"author":1,"featured_media":0,"parent":0,"menu_order":0,"comment_status":"closed","ping_status":"closed","template":"","meta":[],"_links":{"self":[{"href":"https:\/\/caponata-shop.de\/woocommerce\/wp-json\/wp\/v2\/pages\/325"}],"collection":[{"href":"https:\/\/caponata-shop.de\/woocommerce\/wp-json\/wp\/v2\/pages"}],"about":[{"href":"https:\/\/caponata-shop.de\/woocommerce\/wp-json\/wp\/v2\/types\/page"}],"author":[{"embeddable":true,"href":"https:\/\/caponata-shop.de\/woocommerce\/wp-json\/wp\/v2\/users\/1"}],"replies":[{"embeddable":true,"href":"https:\/\/caponata-shop.de\/woocommerce\/wp-json\/wp\/v2\/comments?post=325"}],"version-history":[{"count":41,"href":"https:\/\/caponata-shop.de\/woocommerce\/wp-json\/wp\/v2\/pages\/325\/revisions"}],"predecessor-version":[{"id":765,"href":"https:\/\/caponata-shop.de\/woocommerce\/wp-json\/wp\/v2\/pages\/325\/revisions\/765"}],"wp:attachment":[{"href":"https:\/\/caponata-shop.de\/woocommerce\/wp-json\/wp\/v2\/media?parent=325"}],"curies":[{"name":"wp","href":"https:\/\/api.w.org\/{rel}","templated":true}]}}