{"id":92,"date":"2022-04-06T22:47:45","date_gmt":"2022-04-06T20:47:45","guid":{"rendered":"http:\/\/caponata-shop.de\/woocommerce\/?page_id=92"},"modified":"2022-10-15T23:41:22","modified_gmt":"2022-10-15T21:41:22","slug":"agb","status":"publish","type":"page","link":"https:\/\/caponata-shop.de\/woocommerce\/agb\/","title":{"rendered":"AGBs | Widerrufsbelehrung | Impressum \/\/\/ Terms &#038; Conditions"},"content":{"rendered":"\n<p class=\"has-small-font-size\">F\u00fcr s\u00e4mtliche Nutzung der Webseite und alle Bestellungen gilt die nachfolgende AGB und Widerrufsbelehrung.<\/p>\n\n\n\n<p class=\"has-small-font-size\"><strong><span class=\"has-inline-color\" style=\"color:#630166\">Zustandekommen des Vertrages<\/span><\/strong><span class=\"has-inline-color\" style=\"color:#6100a3\"><\/span>: Angaben zu Waren und Preisen sind freibleibend und unverbindlich. Mit einer Bestellung gibt der Kunde\/die Kundin ein bindendes Kaufangebot ab. Dieses Kaufangebot gilt als angenommen, wenn die Bestellung schriftlich best\u00e4tigt worden ist. Ein Anspruch auf die Lieferung der Ware besteht erst mit der Annahme des Angebots. Der Kaufvertrag kommt zustande mit Caponata Ltd.<\/p>\n\n\n\n<p class=\"has-small-font-size\"><strong><span style=\"color:#630166\" class=\"has-inline-color\">Wann der Vertrag zustande kommt, richtet sich nach der gew\u00e4hlten Zahlungsart<\/span><\/strong><\/p>\n\n\n\n<ul class=\"has-small-font-size\"><li><mark style=\"background-color:rgba(0, 0, 0, 0)\" class=\"has-inline-color has-black-color\"><strong>Vorkasse<\/strong>:<\/mark> Bei Zahlungseingang auf unserem Bankkonto nehmen wir das Angebot an.<\/li><\/ul>\n\n\n\n<ul class=\"has-small-font-size\"><li><mark style=\"background-color:rgba(0, 0, 0, 0)\" class=\"has-inline-color has-black-color\"><strong>PayPal<\/strong>:<\/mark> Bei der, durch die im Bestellprozess erfolgenden Weiterleitung zum Online-Anbieter PayPal werden Zahlungsdaten angeben und die Zahlungsanweisung an PayPal best\u00e4tigt. Nach Abgabe der Bestellung fordern wir PayPal zur Einleitung der Zahlungstransaktion auf und nehmen dadurch das Angebot an.<\/li><\/ul>\n\n\n\n<p class=\"has-small-font-size\"><strong><span class=\"has-inline-color\" style=\"color:#630166\">Vertragssprache, Vertragstextspeicherung<\/span><\/strong>: Die f\u00fcr den Vertragsschluss zur Verf\u00fcgung stehenden Sprachen sind Deutsch und Englisch. Standardsprache ist deutsch.<\/p>\n\n\n\n<p class=\"has-small-font-size\"><strong><span class=\"has-inline-color\" style=\"color:#630166\">Lieferbedingungen<\/span><\/strong>: Zuz\u00fcglich zu angegebenen Preisen kommen Versandkosten hinzu. Detaillierte Informationen zu Versandkosten werden bei den Produkten und\/oder im Bestellprozess genannt.<\/p>\n\n\n\n<p class=\"has-small-font-size\"><strong><span class=\"has-inline-color\" style=\"color:#630166\">Eigentumsvorbehalt<\/span><\/strong>: Die Ware bleibt bis zur vollst\u00e4ndigen Bezahlung unser Eigentum.<\/p>\n\n\n\n<p class=\"has-small-font-size\"><strong><span class=\"has-inline-color\" style=\"color:#630166\">Transportsch\u00e4den<\/span><\/strong>: Werden Waren mit offensichtlichen Transportsch\u00e4den angeliefert, bitte m\u00f6glichst sofort beim Zusteller reklamieren und unverz\u00fcglich Kontakt zu uns aufnehmen.<\/p>\n\n\n\n<p class=\"has-small-font-size\"><strong><span class=\"has-inline-color\" style=\"color:#630166\">Inhalt des Angebotes<\/span><\/strong>:  Es besteht keinerlei Gew\u00e4hr f\u00fcr die Aktualit\u00e4t, Korrektheit, Vollst\u00e4ndigkeit oder Qualit\u00e4t der bereitgestellten Informationen. Haftungsanspr\u00fcche, welche sich auf Sch\u00e4den materieller oder ideeller Art beziehen, die durch die Nutzung oder Nichtnutzung der dargebotenen Informationen bzw. durch die Nutzung fehlerhafter und unvollst\u00e4ndiger Informationen verursacht wurden, sind grunds\u00e4tzlich ausgeschlossen, sofern kein nachweislich vors\u00e4tzliches oder grob fahrl\u00e4ssiges Verschulden vorliegt. Alle Angebote sind freibleibend und unverbindlich. Die Darstellung von Produkten stellt kein rechtlich bindendes Angebot dar und kann von dem tats\u00e4chlichen Produkt abweichen.<\/p>\n\n\n\n<p class=\"has-small-font-size\"><strong><span class=\"has-inline-color\" style=\"color:#630166\">Verweise und Links<\/span><\/strong>: Bei direkten oder indirekten Verweisen auf fremde Webseiten wird keinerlei Haftung \u00fcbernommen.<\/p>\n\n\n\n<p class=\"has-small-font-size\"><strong><span class=\"has-inline-color\" style=\"color:#630166\">Urheber- und Kennzeichenrecht<\/span><\/strong>: Das Urheber- sowie Verwertungsrecht s\u00e4mtlicher Publikationen ist und bleibt, soweit nicht ausdr\u00fccklich anders erw\u00e4hnt, allein bei Caponata Ltd. Eine Vervielf\u00e4ltigung oder Verwendung jeglicher Art ist ohne ausdr\u00fcckliche Zustimmung nicht gestattet.<\/p>\n\n\n\n<p class=\"has-small-font-size\"><strong><span class=\"has-inline-color\" style=\"color:#630166\">Alle Rechte vorbehalten<\/span><\/strong>: Alle Inhalte sind urheber- und leistungsschutzrechtlich gesch\u00fctzt. Jede Verwertung, die nicht ausdr\u00fccklich vom Urheberrechtsgesetz zugelassen ist, bedarf der vorherigen schriftlichen Erlaubnis.<\/p>\n\n\n\n<p class=\"has-small-font-size\">Sofern Teile oder einzelne Formulierungen dieses Textes der geltenden Rechtslage nicht, nicht mehr oder nicht vollst\u00e4ndig entsprechen sollten, bleiben die \u00fcbrigen Teile in ihrem Inhalt und ihrer G\u00fcltigkeit davon unber\u00fchrt.<\/p>\n\n\n\n<h2>Widerrufsbelehrung<\/h2>\n\n\n\n<p class=\"has-small-font-size\"><strong><mark style=\"background-color:rgba(0, 0, 0, 0);color:#630166\" class=\"has-inline-color\">Widerrufsrecht<\/mark><\/strong>:  Sie haben das Recht, binnen vierzehn Tagen ohne Angabe von Gr\u00fcnden diesen Vertrag zu widerrufen. Die Widerrufsfrist betr\u00e4gt vierzehn Tage ab dem Tag an dem Sie oder ein von Ihnen benannter Dritter, der nicht der Bef\u00f6rderer ist, die Waren in Besitz genommen haben bzw. hat. Um Ihr Widerrufsrecht auszu\u00fcben, m\u00fcssen Sie uns Ihren Namen, Ihre Anschrift und E-Mail-Adresse mittels einer eindeutigen Erkl\u00e4rung (ein mit der Post versandter Brief oder E-Mail) \u00fcber Ihren Entschluss, diesen Vertrag zu widerrufen, informieren. Zur Wahrung der Widerrufsfrist reicht es aus, dass Sie die Mitteilung \u00fcber die Aus\u00fcbung des Widerrufsrechts vor Ablauf der Widerrufsfrist absenden.<\/p>\n\n\n\n<p class=\"has-small-font-size\"><br><strong>F<mark style=\"background-color:rgba(0, 0, 0, 0);color:#630166\" class=\"has-inline-color\">olgen des Widerrufs<\/mark><\/strong>: Wenn Sie diesen Vertrag widerrufen, haben wir Ihnen alle Zahlungen, die wir von Ihnen erhalten haben, einschlie\u00dflich der Lieferkosten, unverz\u00fcglich und sp\u00e4testens binnen vierzehn Tagen ab dem Tag zur\u00fcckzuzahlen, an dem die Mitteilung \u00fcber Ihren Widerruf dieses Vertrags bei uns eingegangen ist. F\u00fcr diese R\u00fcckzahlung verwenden wir dasselbe Zahlungsmittel, das Sie bei der urspr\u00fcnglichen Transaktion eingesetzt haben, es sei denn, mit Ihnen wurde ausdr\u00fccklich etwas anderes vereinbart; in keinem Fall werden Ihnen wegen dieser R\u00fcckzahlung Entgelte berechnet.<\/p>\n\n\n\n<p class=\"has-small-font-size\"><strong><span class=\"has-inline-color\" style=\"color:#630166\">Ausschluss des Widerrufs<\/span><\/strong>: Das Widerrufsrecht besteht nicht bei<\/p>\n\n\n\n<p class=\"has-small-font-size\">-Lieferung von Waren, die nach Kundenspezifikation angefertigt werden oder eindeutig auf die pers\u00f6nlichen Bed\u00fcrfnisse zugeschnitten sind oder die auf Grund ihrer Beschaffenheit nicht f\u00fcr eine R\u00fccksendung geeignet sind.<\/p>\n\n\n\n<p class=\"has-small-font-size\">&#8211; Lieferung von Audio- oder Videoaufzeichnungen, sofern die gelieferten Datentr\u00e4ger entsiegelt worden sind oder ein Download erfolgte.<\/p>\n\n\n\n<p class=\"has-small-font-size\">-Lieferung von Konzert- oder sonstigen Eintrittskarten.<\/p>\n\n\n\n<p class=\"has-small-font-size\">Wir k\u00f6nnen die R\u00fcckzahlung verweigern, bis wir die Waren zur\u00fcckerhalten haben oder der Nachweis erbracht wurde, dass die Waren zur\u00fcckgesandt wurden. Waren sind unverz\u00fcglich und in jedem Fall sp\u00e4testens binnen vierzehn Tagen ab dem Tag, an dem Widerruf erfolgte, an uns zur\u00fcckzusenden. Die Frist ist gewahrt, wenn die Waren vor Ablauf der Frist von vierzehn Tagen abgesendet wurden. Die unmittelbaren Kosten der R\u00fccksendung der Waren tr\u00e4gt der Kunde. Der Versand der Waren muss ausreichend gesch\u00fctzt und verpackt -im Idealfall in Orginalverpackung- erfolgen. Die Haftung der R\u00fccksendung liegt beim Kunden. Sollte die Ware, auf Grund mangelnder Verpackung, beim Versand besch\u00e4digt werden, behalten wir uns ggfls. das Recht vor, eine R\u00fcckzahlung zu verweigern. <strong>Wir empfehlen grunds\u00e4tzlich einen versicherten R\u00fcckversand.<\/strong><\/p>\n\n\n\n<p><strong>Terms &amp; Conditions<\/strong><\/p>\n\n\n\n<p class=\"has-small-font-size\">The following terms and conditions and cancellation policy apply to all use of the website and all orders.<\/p>\n\n\n\n<p class=\"has-small-font-size\">Formation of the contract: Information on goods and prices is subject to change and non-binding. With an order, the customer submits a binding purchase offer. This purchase offer is considered accepted when the order has been confirmed in writing. A right to the delivery of the goods only exists with the acceptance of the offer. The purchase contract is concluded with Caponata Ltd.<\/p>\n\n\n\n<p class=\"has-small-font-size\">When the contract is concluded depends on the selected payment method<\/p>\n\n\n\n<p class=\"has-small-font-size\">Payment in advance: We accept the offer when the payment is credited to our bank account.<\/p>\n\n\n\n<p class=\"has-small-font-size\">PayPal: When you are forwarded to the online provider PayPal during the ordering process, payment details are given and the payment order to PayPal is confirmed. After placing the order, we ask PayPal to initiate the payment transaction and thereby accept the offer.<\/p>\n\n\n\n<p class=\"has-small-font-size\">Contract language, contract text storage: The languages \u200b\u200bavailable for the conclusion of the contract are German and English. Standard language is German.<\/p>\n\n\n\n<p class=\"has-small-font-size\">Terms of delivery: Shipping costs are added to the stated prices. Detailed information on shipping costs is given with the products and\/or in the ordering process.<\/p>\n\n\n\n<p class=\"has-small-font-size\">Retention of title: The goods remain our property until full payment.<\/p>\n\n\n\n<p class=\"has-small-font-size\">Transport damage: If goods are delivered with obvious transport damage, please complain to the deliverer as soon as possible and contact us immediately.<\/p>\n\n\n\n<p class=\"has-small-font-size\">Content of the offer: There is no guarantee for the topicality, correctness, completeness or quality of the information provided. Liability claims relating to material or immaterial damage caused by the use or non-use of the information provided or by the use of incorrect or incomplete information are excluded in principle, unless there is evidence of intentional or grossly negligent fault. All offers are non-binding. The presentation of products does not constitute a legally binding offer and may differ from the actual product.<\/p>\n\n\n\n<p class=\"has-small-font-size\">References and links: No liability is assumed for direct or indirect references to third-party websites.<\/p>\n\n\n\n<p class=\"has-small-font-size\">Copyright and trademark rights: Unless expressly stated otherwise, the copyright and right of exploitation of all publications is and remains solely with Caponata Ltd. Reproduction or use of any kind is not permitted without express consent.<\/p>\n\n\n\n<p class=\"has-small-font-size\">All rights reserved: All content is protected by copyright and ancillary copyright. Any use not expressly permitted by copyright law requires prior written permission.<\/p>\n\n\n\n<p class=\"has-small-font-size\">If parts or individual formulations of this text do not, no longer or not completely correspond to the applicable legal situation, the remaining parts remain unaffected in their content and validity.<\/p>\n\n\n\n<p class=\"has-small-font-size\"><strong>Right of withdrawal<\/strong><\/p>\n\n\n\n<p class=\"has-small-font-size\">Right of withdrawal: You have the right to withdraw from this contract within fourteen days without giving any reason. The cancellation period is fourteen days from the day on which you or a third party named by you who is not the carrier took possession of the goods. In order to exercise your right of withdrawal, you must inform us of your decision to withdraw from this contract by means of a clear statement (a letter sent by post or an e-mail) with your name, address and e-mail address. To meet the cancellation deadline, it is sufficient for you to send the communication regarding your exercise of the right of cancellation before the cancellation period has expired.<\/p>\n\n\n\n<p class=\"has-small-font-size\">Consequences of the revocation: If you revoke this contract, we have to repay all payments that we have received from you, including the delivery costs, immediately and at the latest within fourteen days from the day on which we received the notification of your revocation of this contract is. For this repayment, we use the same means of payment that you used in the original transaction, unless something else was expressly agreed with you; under no circumstances will you be charged fees for this repayment.<\/p>\n\n\n\n<p class=\"has-small-font-size\">Exclusion of revocation: The right of revocation does not exist<\/p>\n\n\n\n<p class=\"has-small-font-size\">-Delivery of goods that are made to customer specifications or are clearly tailored to personal needs or that are not suitable for return due to their nature.<\/p>\n\n\n\n<p class=\"has-small-font-size\">\u2013 Delivery of audio or video recordings if the data carriers delivered have been unsealed or a download has taken place.<\/p>\n\n\n\n<p class=\"has-small-font-size\">-Delivery of concert or other tickets.<\/p>\n\n\n\n<p class=\"has-small-font-size\">We may refuse repayment until we have received the returned goods or proof has been provided that the goods have been returned. Goods must be returned to us immediately and in any case no later than fourteen days from the day on which the cancellation was made. The deadline is met if the goods are sent before the period of fourteen days has expired. The direct costs of returning the goods are borne by the customer. The goods must be adequately protected and packaged &#8211; ideally in the original packaging. The customer is responsible for the return shipment. If the goods are damaged during shipping due to insufficient packaging, we reserve the right to the right to refuse a refund. We generally recommend insured return shipping.<\/p>\n\n\n\n<h2>Impressum<\/h2>\n\n\n\n<p class=\"has-small-font-size\"><img loading=\"lazy\" width=\"460\" height=\"372\" class=\"wp-image-248\" style=\"width: 150px;\" src=\"http:\/\/caponata-shop.de\/woocommerce\/wp-content\/uploads\/2022\/10\/Impressum.jpg\" alt=\"\" srcset=\"https:\/\/caponata-shop.de\/woocommerce\/wp-content\/uploads\/2022\/10\/Impressum.jpg 460w, https:\/\/caponata-shop.de\/woocommerce\/wp-content\/uploads\/2022\/10\/Impressum-300x243.jpg 300w\" sizes=\"(max-width: 460px) 100vw, 460px\" \/><\/p>\n\n\n","protected":false},"excerpt":{"rendered":"<p>F\u00fcr s\u00e4mtliche Nutzung der Webseite und alle Bestellungen gilt die nachfolgende AGB und Widerrufsbelehrung. Zustandekommen des Vertrages: Angaben zu Waren und Preisen sind freibleibend und unverbindlich. Mit einer Bestellung gibt der Kunde\/die Kundin ein bindendes Kaufangebot ab. Dieses Kaufangebot gilt als angenommen, wenn die Bestellung schriftlich best\u00e4tigt worden ist. Ein Anspruch auf die Lieferung der &#8230; <a title=\"AGBs | Widerrufsbelehrung | Impressum \/\/\/ Terms &#038; Conditions\" class=\"read-more\" href=\"https:\/\/caponata-shop.de\/woocommerce\/agb\/\" aria-label=\"Mehr dazu unter AGBs | Widerrufsbelehrung | Impressum \/\/\/ Terms &#038; Conditions\">Weiterlesen<\/a><\/p>\n","protected":false},"author":1,"featured_media":0,"parent":0,"menu_order":0,"comment_status":"closed","ping_status":"closed","template":"","meta":[],"_links":{"self":[{"href":"https:\/\/caponata-shop.de\/woocommerce\/wp-json\/wp\/v2\/pages\/92"}],"collection":[{"href":"https:\/\/caponata-shop.de\/woocommerce\/wp-json\/wp\/v2\/pages"}],"about":[{"href":"https:\/\/caponata-shop.de\/woocommerce\/wp-json\/wp\/v2\/types\/page"}],"author":[{"embeddable":true,"href":"https:\/\/caponata-shop.de\/woocommerce\/wp-json\/wp\/v2\/users\/1"}],"replies":[{"embeddable":true,"href":"https:\/\/caponata-shop.de\/woocommerce\/wp-json\/wp\/v2\/comments?post=92"}],"version-history":[{"count":8,"href":"https:\/\/caponata-shop.de\/woocommerce\/wp-json\/wp\/v2\/pages\/92\/revisions"}],"predecessor-version":[{"id":279,"href":"https:\/\/caponata-shop.de\/woocommerce\/wp-json\/wp\/v2\/pages\/92\/revisions\/279"}],"wp:attachment":[{"href":"https:\/\/caponata-shop.de\/woocommerce\/wp-json\/wp\/v2\/media?parent=92"}],"curies":[{"name":"wp","href":"https:\/\/api.w.org\/{rel}","templated":true}]}}